{"id":6,"date":"2021-05-06T09:58:59","date_gmt":"2021-05-06T07:58:59","guid":{"rendered":"http:\/\/visiophotographe-paris.fr\/?page_id=6"},"modified":"2026-02-26T21:40:04","modified_gmt":"2026-02-26T20:40:04","slug":"le-nouveau-e-mucem-ouvre-ses-portes-2","status":"publish","type":"page","link":"https:\/\/visiophotographe-paris.fr\/","title":{"rendered":"Pr\u00e9sentation"},"content":{"rendered":"\n<div class=\"alignnormal\"><div id=\"metaslider-id-127\" style=\"width: 100%;\" class=\"ml-slider-3-23-0 metaslider metaslider-flex metaslider-127 ml-slider nav-hidden\">\n    <div id=\"metaslider_container_127\">\n        <div id=\"metaslider_127\">\n            <ul aria-live=\"polite\" class=\"slides\">\n                <li style=\"display: block; width: 100%;\" class=\"slide-135 ms-image\"><img src=\"https:\/\/visiophotographe-paris.fr\/wp-content\/uploads\/2021\/10\/IMG_8386-2-scaled-800x200.jpg\" height=\"200\" width=\"800\" alt=\"\" class=\"slider-127 slide-135\" title=\"IMG_8386-2\" \/><\/li>\n                <li style=\"display: none; width: 100%;\" class=\"slide-139 ms-image\"><img src=\"https:\/\/visiophotographe-paris.fr\/wp-content\/uploads\/2021\/10\/IMG_7009-1-scaled-800x200.jpg\" height=\"200\" width=\"800\" alt=\"\" class=\"slider-127 slide-139\" title=\"IMG_7009-1\" \/><\/li>\n                <li style=\"display: none; width: 100%;\" class=\"slide-137 ms-image\"><img src=\"https:\/\/visiophotographe-paris.fr\/wp-content\/uploads\/2021\/10\/IMG_0487-1-scaled-800x200.jpg\" height=\"200\" width=\"800\" alt=\"\" class=\"slider-127 slide-137\" title=\"IMG_0487-1\" \/><\/li>\n                <li style=\"display: none; width: 100%;\" class=\"slide-138 ms-image\"><img src=\"https:\/\/visiophotographe-paris.fr\/wp-content\/uploads\/2021\/10\/IMG_6169-1-scaled-800x200.jpg\" height=\"200\" width=\"800\" alt=\"\" class=\"slider-127 slide-138\" title=\"IMG_6169-1\" \/><\/li>\n            <\/ul>\n        <\/div>\n        \n    <\/div>\n<\/div><\/div>\n\n\n\n<div class=\"wp-block-group alignwide\"><div class=\"wp-block-group__inner-container\">\n<p>Le blog photographies. Paris ou campagne ? Ville ou nature\u00a0? Ch\u00e2teau ou garage\u00a0? Telle est la question. Il a pour objectif de partager des travaux photographiques qu\u2019ils soient pass\u00e9s ou actuels, dans les domaines qui attirent mon regard et qui peuvent avoir un \u00e9cho dans votre for int\u00e9rieur.<\/p>\n\n\n\n<p>Ce blog est \u00e9galement un lieu d\u2019\u00e9changes autour des voyages, de l\u2019architecture ou du monde qui nous entoure mais \u00e9galement de critiques (constructives j&rsquo;esp\u00e8re) de mes clich\u00e9s.<\/p>\n\n\n\n<p><strong>Les th\u00e8mes abord\u00e9s permettent de&nbsp;:<\/strong><\/p>\n\n\n\n<p>Rendre compte de l\u2019immensit\u00e9 des paysages, la couleur des arbres ou des rochers, la diversit\u00e9 des fleurs et des animaux<\/p>\n\n\n\n<p>Admirer les m\u00e9galopoles ou les petits hameaux, les immenses ch\u00e2teaux forts ou les minuscules fontaines, le monochrome des immeubles ou la couleur chatoyante des bicoques<\/p>\n\n\n\n<p>S\u2019attarder sur les sp\u00e9cificit\u00e9s de Paris et l&rsquo;Ile de France, les d\u00e9tails architecturaux ou les promenades verdoyantes<\/p>\n\n\n\n<p>Enfin, se rappeler que nous sommes tous habitants du m\u00eame monde, que nous n\u2019avons pas forc\u00e9ment le m\u00eame niveau de vie et que les conditions pour certains sont plus compliqu\u00e9es<\/p>\n\n\n\n<p>Par ailleurs, une rubrique concerne des photographies insolites prises volontairement ou par hasard qui ne rentrent dans aucune cat\u00e9gorie<\/p>\n<\/div><\/div>\n\n\n\n<div class=\"wp-block-columns alignwide\">\n<div class=\"wp-block-column\">\n<div class=\"wp-block-group\"><div class=\"wp-block-group__inner-container\">\n<figure class=\"wp-block-image alignfull size-large is-style-rounded\"><a href=\"https:\/\/visiophotographe-paris.fr\/index.php\/2021\/05\/06\/bonjour-tout-le-monde\/\"><img loading=\"lazy\" width=\"1024\" height=\"683\" src=\"http:\/\/visiophotographe-paris.fr\/wp-content\/uploads\/2021\/10\/IMG_0467-1024x683.jpg\" alt=\"\" class=\"wp-image-111\" srcset=\"https:\/\/visiophotographe-paris.fr\/wp-content\/uploads\/2021\/10\/IMG_0467-1024x683.jpg 1024w, https:\/\/visiophotographe-paris.fr\/wp-content\/uploads\/2021\/10\/IMG_0467-300x200.jpg 300w, https:\/\/visiophotographe-paris.fr\/wp-content\/uploads\/2021\/10\/IMG_0467-768x512.jpg 768w, https:\/\/visiophotographe-paris.fr\/wp-content\/uploads\/2021\/10\/IMG_0467-1536x1024.jpg 1536w, https:\/\/visiophotographe-paris.fr\/wp-content\/uploads\/2021\/10\/IMG_0467-2048x1365.jpg 2048w, https:\/\/visiophotographe-paris.fr\/wp-content\/uploads\/2021\/10\/IMG_0467-1800x1200.jpg 1800w\" sizes=\"(max-width: 1024px) 100vw, 1024px\" \/><\/a><\/figure>\n\n\n\n<h3 class=\"has-text-align-center\">Architectures en tous genres<\/h3>\n<\/div><\/div>\n\n\n\n<div class=\"wp-block-group\"><div class=\"wp-block-group__inner-container\">\n<figure class=\"wp-block-image alignfull size-large is-style-rounded\"><a href=\"https:\/\/visiophotographe-paris.fr\/index.php\/2021\/10\/05\/rencontres-avec-ce-monde\/\"><img loading=\"lazy\" width=\"1024\" height=\"768\" src=\"http:\/\/visiophotographe-paris.fr\/wp-content\/uploads\/2021\/10\/IMG_0377-1024x768.jpeg\" alt=\"\" class=\"wp-image-48\" srcset=\"https:\/\/visiophotographe-paris.fr\/wp-content\/uploads\/2021\/10\/IMG_0377-1024x768.jpeg 1024w, https:\/\/visiophotographe-paris.fr\/wp-content\/uploads\/2021\/10\/IMG_0377-300x225.jpeg 300w, https:\/\/visiophotographe-paris.fr\/wp-content\/uploads\/2021\/10\/IMG_0377-768x576.jpeg 768w, https:\/\/visiophotographe-paris.fr\/wp-content\/uploads\/2021\/10\/IMG_0377-1536x1152.jpeg 1536w, https:\/\/visiophotographe-paris.fr\/wp-content\/uploads\/2021\/10\/IMG_0377-1800x1350.jpeg 1800w, https:\/\/visiophotographe-paris.fr\/wp-content\/uploads\/2021\/10\/IMG_0377.jpeg 2048w\" sizes=\"(max-width: 1024px) 100vw, 1024px\" \/><\/a><\/figure>\n\n\n\n<h3 class=\"has-text-align-center\">Rencontres avec ce monde<\/h3>\n\n\n\n<figure class=\"wp-block-image size-large is-style-rounded\"><a href=\"https:\/\/visiophotographe-paris.fr\/index.php\/2021\/10\/06\/o-mon-beau-paysage\/\"><img loading=\"lazy\" width=\"1024\" height=\"683\" src=\"http:\/\/visiophotographe-paris.fr\/wp-content\/uploads\/2021\/10\/IMG_9714-1024x683.jpg\" alt=\"\" class=\"wp-image-45\" srcset=\"https:\/\/visiophotographe-paris.fr\/wp-content\/uploads\/2021\/10\/IMG_9714-1024x683.jpg 1024w, https:\/\/visiophotographe-paris.fr\/wp-content\/uploads\/2021\/10\/IMG_9714-300x200.jpg 300w, https:\/\/visiophotographe-paris.fr\/wp-content\/uploads\/2021\/10\/IMG_9714-768x512.jpg 768w, https:\/\/visiophotographe-paris.fr\/wp-content\/uploads\/2021\/10\/IMG_9714-1536x1024.jpg 1536w, https:\/\/visiophotographe-paris.fr\/wp-content\/uploads\/2021\/10\/IMG_9714-2048x1365.jpg 2048w, https:\/\/visiophotographe-paris.fr\/wp-content\/uploads\/2021\/10\/IMG_9714-1800x1200.jpg 1800w\" sizes=\"(max-width: 1024px) 100vw, 1024px\" \/><\/a><\/figure>\n\n\n\n<h2 class=\"has-text-align-center\">\u00d4 mon beau paysage<\/h2>\n<\/div><\/div>\n<\/div>\n\n\n\n<div class=\"wp-block-column\">\n<div class=\"wp-block-group\"><div class=\"wp-block-group__inner-container\">\n<figure class=\"wp-block-image alignfull size-large is-style-rounded\"><a href=\"https:\/\/visiophotographe-paris.fr\/index.php\/2021\/10\/05\/paris-inattendu-et-paris-cache\/\"><img loading=\"lazy\" width=\"1024\" height=\"683\" src=\"http:\/\/visiophotographe-paris.fr\/wp-content\/uploads\/2021\/10\/IMG_6970-1024x683.jpg\" alt=\"\" class=\"wp-image-60\" srcset=\"https:\/\/visiophotographe-paris.fr\/wp-content\/uploads\/2021\/10\/IMG_6970-1024x683.jpg 1024w, https:\/\/visiophotographe-paris.fr\/wp-content\/uploads\/2021\/10\/IMG_6970-300x200.jpg 300w, https:\/\/visiophotographe-paris.fr\/wp-content\/uploads\/2021\/10\/IMG_6970-768x512.jpg 768w, https:\/\/visiophotographe-paris.fr\/wp-content\/uploads\/2021\/10\/IMG_6970-1536x1024.jpg 1536w, https:\/\/visiophotographe-paris.fr\/wp-content\/uploads\/2021\/10\/IMG_6970-2048x1365.jpg 2048w, https:\/\/visiophotographe-paris.fr\/wp-content\/uploads\/2021\/10\/IMG_6970-1800x1200.jpg 1800w\" sizes=\"(max-width: 1024px) 100vw, 1024px\" \/><\/a><\/figure>\n\n\n\n<h3 class=\"has-text-align-center\">Paris inattendu et Paris cach\u00e9<\/h3>\n\n\n\n<p><\/p>\n<\/div><\/div>\n\n\n\n<div class=\"wp-block-group\"><div class=\"wp-block-group__inner-container\">\n<figure class=\"wp-block-image alignfull size-large is-style-rounded\"><a href=\"https:\/\/visiophotographe-paris.fr\/index.php\/2021\/10\/06\/linsolite-du-blog\/\"><img loading=\"lazy\" width=\"1024\" height=\"806\" src=\"http:\/\/visiophotographe-paris.fr\/wp-content\/uploads\/2021\/10\/IMG_3255-2-1024x806.jpg\" alt=\"\" class=\"wp-image-117\" srcset=\"https:\/\/visiophotographe-paris.fr\/wp-content\/uploads\/2021\/10\/IMG_3255-2-1024x806.jpg 1024w, https:\/\/visiophotographe-paris.fr\/wp-content\/uploads\/2021\/10\/IMG_3255-2-300x236.jpg 300w, https:\/\/visiophotographe-paris.fr\/wp-content\/uploads\/2021\/10\/IMG_3255-2-768x604.jpg 768w, https:\/\/visiophotographe-paris.fr\/wp-content\/uploads\/2021\/10\/IMG_3255-2-1536x1209.jpg 1536w, https:\/\/visiophotographe-paris.fr\/wp-content\/uploads\/2021\/10\/IMG_3255-2-2048x1612.jpg 2048w, https:\/\/visiophotographe-paris.fr\/wp-content\/uploads\/2021\/10\/IMG_3255-2-1800x1416.jpg 1800w\" sizes=\"(max-width: 1024px) 100vw, 1024px\" \/><\/a><\/figure>\n\n\n\n<h3 class=\"has-text-align-center\">L\u2019insolite du blog<\/h3>\n<\/div><\/div>\n\n\n\n<figure class=\"wp-block-image size-large is-style-rounded\"><a href=\"https:\/\/visiophotographe-paris.fr\/index.php\/2021\/10\/06\/crobart\/\"><img loading=\"lazy\" width=\"1024\" height=\"683\" src=\"http:\/\/visiophotographe-paris.fr\/wp-content\/uploads\/2023\/01\/IMG_4496-1024x683.jpg\" alt=\"\" class=\"wp-image-322\" srcset=\"https:\/\/visiophotographe-paris.fr\/wp-content\/uploads\/2023\/01\/IMG_4496-1024x683.jpg 1024w, https:\/\/visiophotographe-paris.fr\/wp-content\/uploads\/2023\/01\/IMG_4496-300x200.jpg 300w, https:\/\/visiophotographe-paris.fr\/wp-content\/uploads\/2023\/01\/IMG_4496-768x512.jpg 768w, https:\/\/visiophotographe-paris.fr\/wp-content\/uploads\/2023\/01\/IMG_4496-1536x1024.jpg 1536w, https:\/\/visiophotographe-paris.fr\/wp-content\/uploads\/2023\/01\/IMG_4496-2048x1365.jpg 2048w, https:\/\/visiophotographe-paris.fr\/wp-content\/uploads\/2023\/01\/IMG_4496-1800x1200.jpg 1800w\" sizes=\"(max-width: 1024px) 100vw, 1024px\" \/><\/a><\/figure>\n\n\n\n<h2 class=\"has-text-align-center\">L\u2019art sous tous les angles<\/h2>\n\n\n\n<p><\/p>\n<\/div>\n<\/div>\n\n\n\n<div class=\"wp-block-group alignwide\"><div class=\"wp-block-group__inner-container\"><\/div><\/div>\n\n\n\n<p><\/p>\n","protected":false},"excerpt":{"rendered":"<p>L\u2019art sous tous les angles<\/p>\n","protected":false},"author":1,"featured_media":0,"parent":0,"menu_order":0,"comment_status":"closed","ping_status":"closed","template":"","meta":[],"_links":{"self":[{"href":"https:\/\/visiophotographe-paris.fr\/index.php\/wp-json\/wp\/v2\/pages\/6"}],"collection":[{"href":"https:\/\/visiophotographe-paris.fr\/index.php\/wp-json\/wp\/v2\/pages"}],"about":[{"href":"https:\/\/visiophotographe-paris.fr\/index.php\/wp-json\/wp\/v2\/types\/page"}],"author":[{"embeddable":true,"href":"https:\/\/visiophotographe-paris.fr\/index.php\/wp-json\/wp\/v2\/users\/1"}],"replies":[{"embeddable":true,"href":"https:\/\/visiophotographe-paris.fr\/index.php\/wp-json\/wp\/v2\/comments?post=6"}],"version-history":[{"count":14,"href":"https:\/\/visiophotographe-paris.fr\/index.php\/wp-json\/wp\/v2\/pages\/6\/revisions"}],"predecessor-version":[{"id":1483,"href":"https:\/\/visiophotographe-paris.fr\/index.php\/wp-json\/wp\/v2\/pages\/6\/revisions\/1483"}],"wp:attachment":[{"href":"https:\/\/visiophotographe-paris.fr\/index.php\/wp-json\/wp\/v2\/media?parent=6"}],"curies":[{"name":"wp","href":"https:\/\/api.w.org\/{rel}","templated":true}]}}