{"id":7,"date":"2021-05-06T09:58:59","date_gmt":"2021-05-06T07:58:59","guid":{"rendered":"http:\/\/visiophotographe-paris.fr\/?page_id=7"},"modified":"2026-02-26T21:44:36","modified_gmt":"2026-02-26T20:44:36","slug":"a-propos-de","status":"publish","type":"page","link":"https:\/\/visiophotographe-paris.fr\/index.php\/a-propos-de\/","title":{"rendered":"\u00c0 propos de"},"content":{"rendered":"\n<p><\/p>\n\n\n\n<div class=\"wp-block-image\"><figure class=\"alignright size-large is-resized\"><img loading=\"lazy\" src=\"http:\/\/visiophotographe-paris.fr\/wp-content\/uploads\/2021\/09\/IMG_0987-1-768x1024.jpeg\" alt=\"\" class=\"wp-image-33\" width=\"186\" height=\"248\" srcset=\"https:\/\/visiophotographe-paris.fr\/wp-content\/uploads\/2021\/09\/IMG_0987-1-768x1024.jpeg 768w, https:\/\/visiophotographe-paris.fr\/wp-content\/uploads\/2021\/09\/IMG_0987-1-225x300.jpeg 225w, https:\/\/visiophotographe-paris.fr\/wp-content\/uploads\/2021\/09\/IMG_0987-1-1152x1536.jpeg 1152w, https:\/\/visiophotographe-paris.fr\/wp-content\/uploads\/2021\/09\/IMG_0987-1-1536x2048.jpeg 1536w, https:\/\/visiophotographe-paris.fr\/wp-content\/uploads\/2021\/09\/IMG_0987-1-1800x2400.jpeg 1800w, https:\/\/visiophotographe-paris.fr\/wp-content\/uploads\/2021\/09\/IMG_0987-1-900x1200.jpeg 900w, https:\/\/visiophotographe-paris.fr\/wp-content\/uploads\/2021\/09\/IMG_0987-1-scaled.jpeg 1920w\" sizes=\"(max-width: 186px) 100vw, 186px\" \/><\/figure><\/div>\n\n\n\n<p><strong>Samuel<\/strong>, amateur passionn\u00e9 de photographies depuis les ann\u00e9es 2000, un temps pass\u00e9 \u00e0 se constituer une masse de souvenirs \u00e0 titre personnel<\/p>\n\n\n\n<p>Depuis la sortie de la p\u00e9riode COVID, j&rsquo;ai travaill\u00e9 avec diverses associations du d\u00e9partement 93. Une premi\u00e8re action \u00e0 la MAS de Montfermeil \u00e0 ,partir de novembre 2020 (dont la cr\u00e9ation avec <strong>Nadia <\/strong>&#8211; autre photographe passionn\u00e9e &#8211; d\u2019ateliers photographies avec les r\u00e9sidents polyhandicap\u00e9s). Une deuxi\u00e8me avec l\u2019association Crob\u2019Art en juin 2021 (exposition sur une \u0153uvre g\u00e9ante en peinture autour du Vivant dans la Ville). L&rsquo;aventure artistique \u00e9tait lanc\u00e9e.<\/p>\n","protected":false},"excerpt":{"rendered":"<p>Samuel, amateur passionn\u00e9 de photographies depuis les ann\u00e9es 2000, un temps pass\u00e9 \u00e0 se constituer une masse de souvenirs \u00e0 titre personnel Depuis la sortie [&#8230;]<\/p>\n","protected":false},"author":1,"featured_media":0,"parent":0,"menu_order":0,"comment_status":"closed","ping_status":"closed","template":"","meta":[],"_links":{"self":[{"href":"https:\/\/visiophotographe-paris.fr\/index.php\/wp-json\/wp\/v2\/pages\/7"}],"collection":[{"href":"https:\/\/visiophotographe-paris.fr\/index.php\/wp-json\/wp\/v2\/pages"}],"about":[{"href":"https:\/\/visiophotographe-paris.fr\/index.php\/wp-json\/wp\/v2\/types\/page"}],"author":[{"embeddable":true,"href":"https:\/\/visiophotographe-paris.fr\/index.php\/wp-json\/wp\/v2\/users\/1"}],"replies":[{"embeddable":true,"href":"https:\/\/visiophotographe-paris.fr\/index.php\/wp-json\/wp\/v2\/comments?post=7"}],"version-history":[{"count":7,"href":"https:\/\/visiophotographe-paris.fr\/index.php\/wp-json\/wp\/v2\/pages\/7\/revisions"}],"predecessor-version":[{"id":1484,"href":"https:\/\/visiophotographe-paris.fr\/index.php\/wp-json\/wp\/v2\/pages\/7\/revisions\/1484"}],"wp:attachment":[{"href":"https:\/\/visiophotographe-paris.fr\/index.php\/wp-json\/wp\/v2\/media?parent=7"}],"curies":[{"name":"wp","href":"https:\/\/api.w.org\/{rel}","templated":true}]}}